{"id":704,"date":"2018-07-30T13:30:03","date_gmt":"2018-07-30T13:30:03","guid":{"rendered":"http:\/\/wp.coolback.de\/privacy\/"},"modified":"2018-12-13T14:41:56","modified_gmt":"2018-12-13T14:41:56","slug":"privacy","status":"publish","type":"page","link":"https:\/\/wp.coolback.de\/en\/privacy\/","title":{"rendered":"Privacy"},"content":{"rendered":"<h1>Privacy policy<\/h1>\n<p><strong>Currently our privacy policy is available in german only.<\/strong><\/p>\n<p>&nbsp;<\/p>\n<p><strong>Geltungsbereich<\/strong><br \/>\nDiese Datenschutzerkl\u00e4rung kl\u00e4rt Nutzer \u00fcber die Art, den Umfang und Zwecke der Erhebung und Verwendung personenbezogener Daten durch den verantwortlichen Anbieter Coolback auf dieser Website (im folgenden \u201cAngebot\u201d) auf.<br \/>\nDie rechtlichen Grundlagen des Datenschutzes finden sich im Bundesdatenschutzgesetz (BDSG), dem Telemediengesetz (TMG), dem Telekommunikationsgesetz (TKG), der Datenschutz-Grundverordnung der EU (DSGVO) und dem Gesetz zur Erh\u00f6hung der Sicherheit informationstechnischer Systeme (ITSiG).<\/p>\n<p><strong>Zugriffsdaten \/ Server-Logfiles<\/strong><br \/>\nDer Anbieter (beziehungsweise sein Webspace-Provider) erhebt Daten \u00fcber jeden Zugriff auf das Angebot (so genannte Serverlogfiles). Zu den Zugriffsdaten geh\u00f6ren:<br \/>\n\u2022 Name der abgerufenen Webseite \/ Datei<br \/>\n\u2022 Datum und Uhrzeit des Abrufs<br \/>\n\u2022 \u00fcbertragene Datenmenge<br \/>\n\u2022 Meldung \u00fcber erfolgreichen Abruf<br \/>\n\u2022 Browsertyp nebst Version<br \/>\n\u2022 das Betriebssystem des Nutzers<br \/>\n\u2022 Referrer URL (die zuvor besuchte Seite)<br \/>\n\u2022 IP-Adresse und der anfragende Provider<\/p>\n<p>Der Anbieter verwendet die Protokolldaten nur f\u00fcr statistische Auswertungen zum Zweck des Betriebs, der Sicherheit und der Optimierung des Angebotes. Der Anbieterbeh\u00e4lt sich jedoch vor, die Protokolldaten nachtr\u00e4glich zu \u00fcberpr\u00fcfen, wenn aufgrund konkreter Anhaltspunkte der berechtigte Verdacht einer rechtswidrigen Nutzung besteht. Durch die Logfiles gewinnen wir zum anderen Erkenntnisse dar\u00fcber, wie unser Dienst genutzt wird. So erfahren wir zum Beispiel, welche Seiten besonders beliebt sind. Die Ergebnisse dieser Analyse liegen am Ende in statistischer Form vor und sind anonym. Wir verwenden IP-Adressen nicht, um Nutzer zu identifizieren. IP-Adressen speichern wir \u00fcber einen Zeitraum von maximal vierzehn Tagen.<\/p>\n<p><strong>Kontaktaufnahme<\/strong><br \/>\nBei der Kontaktaufnahme mit dem Anbieter (zum Beispiel per Kontaktformular oder E-Mail) werden die Angaben des Nutzers zwecks Bearbeitung der Anfrage sowie f\u00fcr den Fall, dass Anschlussfragen entstehen, gespeichert. Ferner stimmen Sie zum Zwecke der Bearbeitung der Weitergabe der \u00fcbermittelten Daten an Dritte zu.<\/p>\n<p><strong>Cookies<\/strong><br \/>\nCookies sind kleine Dateien, die es erm\u00f6glichen, auf dem Zugriffsger\u00e4t der Nutzer (PC, Smartphone, etc.) spezifische, auf das Ger\u00e4t bezogene Informationen zu speichern. Sie dienen zum einem der Benutzerfreundlichkeit von Webseiten und damit den Nutzern (z. B. Speicherung von Logindaten), zum anderen dienen Sie der Erfassung statistischer Daten der Webseitennutzung und der Verbesserung des Angebotes. Die Nutzer k\u00f6nnen auf den Einsatz der Cookies Einfluss nehmen. Die meisten Browser verf\u00fcgen \u00fcber eine Option mit der das Speichern von Cookies eingeschr\u00e4nkt oder komplett verhindert wird. Allerdings wird darauf hingewiesen, dass die Nutzung und insbesondere der Nutzungskomfort ohne Cookies eingeschr\u00e4nkt werden.<\/p>\n<p><strong>Google Analytics<\/strong><br \/>\nDieses Angebot benutzt Google Analytics, einen Webanalysedienst der Google Inc. Google Analytics verwendet Cookies (kleine Textdateien), die auf Computern der Nutzer gespeichert werden und die eine Analyse der Benutzung der Website durch sie erm\u00f6glichen. Die durch den Cookie erzeugten Informationen \u00fcber die Benutzung dieser Website durch die Nutzer werden in der Regel an einen Server von Google in den USA \u00fcbertragen und dort gespeichert.<br \/>\nIm Falle der Aktivierung der IP-Anonymisierung auf dieser Webseite wird die IP-Adresse der Nutzer von Google jedoch innerhalb von Mitgliedstaaten der Europ\u00e4ischen Union oder in anderen Vertragsstaaten des Abkommens \u00fcber den Europ\u00e4ischen Wirtschaftsraum zuvor gek\u00fcrzt. Nur in Ausnahmef\u00e4llen wird die volle IP-Adresse an einen Server von Google in den USA \u00fcbertragen und dort gek\u00fcrzt. Die IP-Anonymisierung ist auf dieser Website aktiv. Im Auftrag des Betreibers dieser Website wird Google diese Informationen benutzen, um die Nutzung der Website durch die Nutzer auszuwerten, um Reports \u00fcber die Websiteaktivit\u00e4ten zusammenzustellen und um weitere mit der Websitenutzung und der Internetnutzung verbundene Dienstleistungen gegen\u00fcber dem Websitebetreiber zu erbringen.<br \/>\nDie im Rahmen von Google Analytics von Ihrem Browser \u00fcbermittelte IP-Adresse wird nicht mit anderen Daten von Google zusammengef\u00fchrt. Die Nutzer k\u00f6nnen die Speicherung der Cookies durch eine entsprechende Einstellung ihrer Browser-Software verhindern. Dieses Angebot weist die Nutzer jedoch darauf hin, dass sie in diesem Fall gegebenenfalls nicht s\u00e4mtliche Funktionen dieser Website vollumf\u00e4nglich werden nutzen k\u00f6nnen. Die Nutzer k\u00f6nnen dar\u00fcber hinaus die Erfassung der durch das Cookie erzeugten und auf ihre Nutzung der Website bezogenen Daten (inkl. Ihrer IP-Adresse) an Google sowie die Verarbeitung dieser Daten durch Google verhindern, indem sie das unter dem folgenden Link verf\u00fcgbare Browser-Plugin herunterladen und installieren: https:\/\/tools.google.com\/dlpage\/gaoptout?hl=de.<\/p>\n<p><strong>Widerruf, \u00c4nderungen, Berichtigungen und Aktualisierungen<\/strong><br \/>\nDer Nutzer hat das Recht, auf Antrag unentgeltlich Auskunft zu erhalten \u00fcber die personenbezogenen Daten, die \u00fcber ihn gespeichert wurden. Zus\u00e4tzlich hat der Nutzer das Recht auf Berichtigung unrichtiger Daten, Sperrung und L\u00f6schung seiner personenbezogenen Daten, soweit dem keine gesetzliche Aufbewahrungspflicht entgegensteht.<br \/>\nDie Auskunft erfolgt auf Wunsch auf elektronischem Wege oder schriftlich zur Abholung am Unternehmenssitz. Eine Zusendung auf postalischem Wege ist gegen Kostenersatz m\u00f6glich. Eine unentgeltliche Auskunft ist einmal pro Kalenderjahr m\u00f6glich, jede weitere Auskunft kann gegen ein Entgelt erworben werden, sofern keine nachweisbaren Hinweise auf unzul\u00e4ssigerweise oder unrichtig gespeicherte Daten existieren.<br \/>\nIhr Recht auf Widerruf und Korrektur k\u00f6nnen Sie gegen\u00fcber folgender Anschrift geltend machen:<br \/>\n<strong>coolback GmbH<\/strong><\/p>\n<p>Erdbeerstra\u00dfe 1<\/p>\n<p>D-14947 Nuthe-Urstromtal\u2028OT J\u00e4nickendorf\u2028info@coolback.de<\/p>\n<p><strong>Datenschutzbeauftragter:<\/strong><br \/>\nZentrum f\u00fcr Arbeitsmedizin und Arbeitssicherheit\u2028Praxis Dr. med. Renate Fischer\u2028Silvana G\u00fcthling Datenschutzbeauftragte\u2028Stra\u00dfe der Jugend 18\u202814974 Ludwigsfelde\u2028\u2028E-Mail\u00a0datenschutz@arbeitsmedizin-ludwigsfelde.de\u2028Durchwahl: 03378\/201407<br \/>\n<strong>Recht auf Einschr\u00e4nkung der Verarbeitung, Daten\u00fcbertragbarkeit und Beschwerderecht bei einer Aufsichtsbeh\u00f6rde<\/strong><br \/>\nDer Nutzer hat das Recht auf die Einschr\u00e4nkung der Verarbeitung der sich auf ihn beziehenden personengebundenen Daten. Sofern anwendbar, hat der registrierte Besucher Anspruch auf die Herausgabe der von ihm bereitgestellten Daten in offenen standardisierten Datenformaten in komulierter Form, die es ihm erm\u00f6glichen, diese Daten zu Konkurrenzprodukten zu \u00fcbertragen. Weiterhin hat der betroffene Nutzer des Angebotes bei mutma\u00dflichen Verst\u00f6\u00dfen gegen die gesetzliche Grundlage das Recht, jederzeit Beschwerde bei der zust\u00e4ndigen Aufsichtsbeh\u00f6rde einzureichen.<br \/>\n<strong>Widerspruchsrecht gegen die Verarbeitung<\/strong><\/p>\n<p><strong>Gem\u00e4\u00df Art. 21 DSGVO hat jede betroffene Person das Recht auf Widersspruch gegen die Verarbeitung der auf sie bezogenen per\u00f6nlichen Daten, sofern die jeweiligen gesetzlichen Vorraussetzungen vorliegen.<\/strong><\/p>\n","protected":false},"excerpt":{"rendered":"<p>Privacy policy Currently our privacy policy is available in german only. &nbsp; Geltungsbereich Diese Datenschutzerkl\u00e4rung kl\u00e4rt Nutzer \u00fcber die Art, den Umfang und Zwecke der Erhebung und Verwendung personenbezogener Daten durch den verantwortlichen Anbieter Coolback auf dieser Website (im folgenden \u201cAngebot\u201d) auf. Die rechtlichen Grundlagen des Datenschutzes finden sich im Bundesdatenschutzgesetz (BDSG), dem Telemediengesetz (TMG), [&hellip;]<\/p>\n","protected":false},"author":5,"featured_media":0,"parent":0,"menu_order":31,"comment_status":"closed","ping_status":"closed","template":"","meta":{"_acf_changed":false,"footnotes":""},"class_list":["post-704","page","type-page","status-publish","hentry"],"acf":[],"_links":{"self":[{"href":"https:\/\/wp.coolback.de\/en\/wp-json\/wp\/v2\/pages\/704","targetHints":{"allow":["GET"]}}],"collection":[{"href":"https:\/\/wp.coolback.de\/en\/wp-json\/wp\/v2\/pages"}],"about":[{"href":"https:\/\/wp.coolback.de\/en\/wp-json\/wp\/v2\/types\/page"}],"author":[{"embeddable":true,"href":"https:\/\/wp.coolback.de\/en\/wp-json\/wp\/v2\/users\/5"}],"replies":[{"embeddable":true,"href":"https:\/\/wp.coolback.de\/en\/wp-json\/wp\/v2\/comments?post=704"}],"version-history":[{"count":10,"href":"https:\/\/wp.coolback.de\/en\/wp-json\/wp\/v2\/pages\/704\/revisions"}],"predecessor-version":[{"id":1612,"href":"https:\/\/wp.coolback.de\/en\/wp-json\/wp\/v2\/pages\/704\/revisions\/1612"}],"wp:attachment":[{"href":"https:\/\/wp.coolback.de\/en\/wp-json\/wp\/v2\/media?parent=704"}],"curies":[{"name":"wp","href":"https:\/\/api.w.org\/{rel}","templated":true}]}}